{"id":5741,"date":"2024-10-09T09:41:53","date_gmt":"2024-10-09T07:41:53","guid":{"rendered":"https:\/\/arguis.monrepos.es\/symboles\/"},"modified":"2024-12-18T17:29:55","modified_gmt":"2024-12-18T16:29:55","slug":"symboles","status":"publish","type":"page","link":"https:\/\/arguis.monrepos.es\/fr\/symboles\/","title":{"rendered":"Symboles"},"content":{"rendered":"\t\t<div data-elementor-type=\"wp-page\" data-elementor-id=\"5741\" class=\"elementor elementor-5741\" data-elementor-post-type=\"page\">\n\t\t\t\t<div class=\"elementor-element elementor-element-af9412d e-con-full e-flex e-con e-parent\" data-id=\"af9412d\" data-element_type=\"container\" data-settings=\"{&quot;background_background&quot;:&quot;classic&quot;,&quot;shape_divider_bottom&quot;:&quot;tilt&quot;}\">\n\t\t\t\t<div class=\"elementor-shape elementor-shape-bottom\" aria-hidden=\"true\" data-negative=\"false\">\n\t\t\t<svg xmlns=\"http:\/\/www.w3.org\/2000\/svg\" viewBox=\"0 0 1000 100\" preserveAspectRatio=\"none\">\n\t<path class=\"elementor-shape-fill\" d=\"M0,6V0h1000v100L0,6z\"\/>\n<\/svg>\t\t<\/div>\n\t\t<div class=\"elementor-element elementor-element-6d39f74 e-con-full e-flex e-con e-child\" data-id=\"6d39f74\" data-element_type=\"container\">\n\t\t\t\t<div class=\"elementor-element elementor-element-262f85b elementor-widget elementor-widget-heading\" data-id=\"262f85b\" data-element_type=\"widget\" data-widget_type=\"heading.default\">\n\t\t\t\t<div class=\"elementor-widget-container\">\n\t\t\t\t\t<h1 class=\"elementor-heading-title elementor-size-default\">Symboles<\/h1>\t\t\t\t<\/div>\n\t\t\t\t<\/div>\n\t\t\t\t<div class=\"elementor-element elementor-element-10cf177 elementor-widget elementor-widget-heading\" data-id=\"10cf177\" data-element_type=\"widget\" data-widget_type=\"heading.default\">\n\t\t\t\t<div class=\"elementor-widget-container\">\n\t\t\t\t\t<h6 class=\"elementor-heading-title elementor-size-default\">DE LA R\u00c9UNION D'HIVER DE L'ARGUIS<\/h6>\t\t\t\t<\/div>\n\t\t\t\t<\/div>\n\t\t\t\t<\/div>\n\t\t\t\t<\/div>\n\t\t<div class=\"elementor-element elementor-element-12ba43c e-con-full e-flex e-con e-parent\" data-id=\"12ba43c\" data-element_type=\"container\" data-settings=\"{&quot;background_background&quot;:&quot;classic&quot;}\">\n\t\t<div class=\"elementor-element elementor-element-de36b5d e-con-full e-flex e-con e-child\" data-id=\"de36b5d\" data-element_type=\"container\">\n\t\t\t\t<div class=\"elementor-element elementor-element-82e38a9 elementor-widget elementor-widget-image\" data-id=\"82e38a9\" data-element_type=\"widget\" data-widget_type=\"image.default\">\n\t\t\t\t<div class=\"elementor-widget-container\">\n\t\t\t\t\t\t\t\t\t\t\t\t\t\t\t<img decoding=\"async\" width=\"204\" height=\"54\" src=\"https:\/\/arguis.monrepos.es\/wp-content\/uploads\/2024\/05\/logo-arguis-120x32.png\" class=\"attachment-large size-large wp-image-4000\" alt=\"\" srcset=\"https:\/\/arguis.monrepos.es\/wp-content\/uploads\/2024\/05\/logo-arguis.png 204w, https:\/\/arguis.monrepos.es\/wp-content\/uploads\/2024\/05\/logo-arguis-120x32.png 120w\" sizes=\"(max-width: 204px) 100vw, 204px\" \/>\t\t\t\t\t\t\t\t\t\t\t\t\t\t\t<\/div>\n\t\t\t\t<\/div>\n\t\t\t\t<\/div>\n\t\t<div class=\"elementor-element elementor-element-ab1ec1e e-con-full e-flex e-con e-child\" data-id=\"ab1ec1e\" data-element_type=\"container\">\n\t\t\t\t<div class=\"elementor-element elementor-element-0be6244 elementor-widget elementor-widget-icon-box\" data-id=\"0be6244\" data-element_type=\"widget\" data-widget_type=\"icon-box.default\">\n\t\t\t\t<div class=\"elementor-widget-container\">\n\t\t\t\t\t\t\t<div class=\"elementor-icon-box-wrapper\">\n\n\t\t\t\n\t\t\t\t\t\t<div class=\"elementor-icon-box-content\">\n\n\t\t\t\t\t\t\t\t\t<h4 class=\"elementor-icon-box-title\">\n\t\t\t\t\t\t<span  >\n\t\t\t\t\t\t\tOlegario\t\t\t\t\t\t<\/span>\n\t\t\t\t\t<\/h4>\n\t\t\t\t\n\t\t\t\t\n\t\t\t<\/div>\n\t\t\t\n\t\t<\/div>\n\t\t\t\t\t\t<\/div>\n\t\t\t\t<\/div>\n\t\t\t\t<div class=\"elementor-element elementor-element-53d1045 elementor-widget elementor-widget-text-editor\" data-id=\"53d1045\" data-element_type=\"widget\" data-widget_type=\"text-editor.default\">\n\t\t\t\t<div class=\"elementor-widget-container\">\n\t\t\t\t\t\t\t\t\t<p>Olegario est la sympathique mascotte de la Hivernale d&rsquo;Arguis. Cr\u00e9\u00e9 en 1978, il a \u00e9t\u00e9 port\u00e9 sur les m\u00e9dailles des \u00e9ditions 1979 \u00e0 1982 et son image est \u00e0 jamais grav\u00e9e dans la m\u00e9moire collective d&rsquo;Arguis, dont il est le symbole officiel. N\u00e9 sans nom \u00e0 l&rsquo;origine, il a \u00e9t\u00e9 baptis\u00e9 du nom d&rsquo;un membre bien connu du Moto Club Pirineos dans les ann\u00e9es 70, neveu d&rsquo;une \u00ab\u00a0diseuse de bonne aventure\u00a0\u00bb qui a \u00e9t\u00e9 le protagoniste d&rsquo;une anecdote amusante dans l&rsquo;histoire d&rsquo;Arguis. Olegario nous relie \u00e0 l&rsquo;histoire de la r\u00e9union, tout en montrant l&rsquo;engagement \u00e0 maintenir les valeurs et le format qui ont inspir\u00e9 la cr\u00e9ation de cette r\u00e9union, sans succomber aux modes.<\/p>\t\t\t\t\t\t\t\t<\/div>\n\t\t\t\t<\/div>\n\t\t\t\t<\/div>\n\t\t\t\t<\/div>\n\t\t<div class=\"elementor-element elementor-element-1671d74 e-con-full e-flex e-con e-parent\" data-id=\"1671d74\" data-element_type=\"container\" data-settings=\"{&quot;background_background&quot;:&quot;classic&quot;}\">\n\t\t<div class=\"elementor-element elementor-element-160d79e e-con-full e-flex e-con e-child\" data-id=\"160d79e\" data-element_type=\"container\">\n\t\t\t\t<div class=\"elementor-element elementor-element-d1d07fa elementor-widget elementor-widget-image\" data-id=\"d1d07fa\" data-element_type=\"widget\" data-widget_type=\"image.default\">\n\t\t\t\t<div class=\"elementor-widget-container\">\n\t\t\t\t\t\t\t\t\t\t\t\t\t\t\t<img fetchpriority=\"high\" decoding=\"async\" width=\"510\" height=\"592\" src=\"https:\/\/arguis.monrepos.es\/wp-content\/uploads\/2024\/10\/Escudo.png\" class=\"attachment-large size-large wp-image-4617\" alt=\"\" srcset=\"https:\/\/arguis.monrepos.es\/wp-content\/uploads\/2024\/10\/Escudo.png 510w, https:\/\/arguis.monrepos.es\/wp-content\/uploads\/2024\/10\/Escudo-258x300.png 258w\" sizes=\"(max-width: 510px) 100vw, 510px\" \/>\t\t\t\t\t\t\t\t\t\t\t\t\t\t\t<\/div>\n\t\t\t\t<\/div>\n\t\t\t\t<\/div>\n\t\t<div class=\"elementor-element elementor-element-6cbd655 e-con-full e-flex e-con e-child\" data-id=\"6cbd655\" data-element_type=\"container\">\n\t\t\t\t<div class=\"elementor-element elementor-element-cef3a13 elementor-widget elementor-widget-text-editor\" data-id=\"cef3a13\" data-element_type=\"widget\" data-widget_type=\"text-editor.default\">\n\t\t\t\t<div class=\"elementor-widget-container\">\n\t\t\t\t\t\t\t\t\t<h6>Le Patou des Pyr\u00e9n\u00e9es du col de Monrep\u00f3s<\/h6><p>Le Mastiff des Pyr\u00e9n\u00e9es, proche parent du Patou fran\u00e7ais, est le symbole par excellence des Pyr\u00e9n\u00e9es aragonaises et figure sur les autocollants du mythique col de Monrep\u00f3s qui sont remises lors de l&rsquo;inscription. Le Mastiff, de par son caract\u00e8re particulier, repr\u00e9sente la noblesse et l&rsquo;endurance face \u00e0 l&rsquo;adversit\u00e9 et au froid. Grand voyageur capable de parcourir de longues distances sur des terrains accident\u00e9s, il a accompagn\u00e9 pendant des si\u00e8cles les routes de transhumance et gard\u00e9 les cols des Pyr\u00e9n\u00e9es. D&rsquo;un caract\u00e8re simple et amical, grand compagnon, le mastiff repr\u00e9sente \u00e0 bien des \u00e9gards l&rsquo;esprit de rassemblement, li\u00e9 \u00e0 l&rsquo;\u00e2me essentielle de la montagne pyr\u00e9n\u00e9enne, dont il est le gardien et le protecteur des voyageurs.<\/p>\t\t\t\t\t\t\t\t<\/div>\n\t\t\t\t<\/div>\n\t\t\t\t<\/div>\n\t\t\t\t<\/div>\n\t\t<div class=\"elementor-element elementor-element-2d0e54e e-con-full e-flex e-con e-parent\" data-id=\"2d0e54e\" data-element_type=\"container\" data-settings=\"{&quot;background_background&quot;:&quot;classic&quot;,&quot;shape_divider_top&quot;:&quot;tilt&quot;,&quot;shape_divider_bottom&quot;:&quot;tilt&quot;}\">\n\t\t\t\t<div class=\"elementor-shape elementor-shape-top\" aria-hidden=\"true\" data-negative=\"false\">\n\t\t\t<svg xmlns=\"http:\/\/www.w3.org\/2000\/svg\" viewBox=\"0 0 1000 100\" preserveAspectRatio=\"none\">\n\t<path class=\"elementor-shape-fill\" d=\"M0,6V0h1000v100L0,6z\"\/>\n<\/svg>\t\t<\/div>\n\t\t\t\t<div class=\"elementor-shape elementor-shape-bottom\" aria-hidden=\"true\" data-negative=\"false\">\n\t\t\t<svg xmlns=\"http:\/\/www.w3.org\/2000\/svg\" viewBox=\"0 0 1000 100\" preserveAspectRatio=\"none\">\n\t<path class=\"elementor-shape-fill\" d=\"M0,6V0h1000v100L0,6z\"\/>\n<\/svg>\t\t<\/div>\n\t\t<div class=\"elementor-element elementor-element-5a63183 e-con-full e-flex e-con e-child\" data-id=\"5a63183\" data-element_type=\"container\">\n\t\t\t\t<div class=\"elementor-element elementor-element-f61f636 elementor-widget elementor-widget-heading\" data-id=\"f61f636\" data-element_type=\"widget\" data-widget_type=\"heading.default\">\n\t\t\t\t<div class=\"elementor-widget-container\">\n\t\t\t\t\t<h2 class=\"elementor-heading-title elementor-size-default\"><br>L'aventure continue... et avec celle-ci, cela fait 51... Comme le temps passe vite !<\/h2>\t\t\t\t<\/div>\n\t\t\t\t<\/div>\n\t\t\t\t<\/div>\n\t\t\t\t<\/div>\n\t\t<div class=\"elementor-element elementor-element-4f807c7 e-con-full elementor-hidden-desktop elementor-hidden-tablet elementor-hidden-mobile e-flex e-con e-parent\" data-id=\"4f807c7\" data-element_type=\"container\" data-settings=\"{&quot;background_background&quot;:&quot;classic&quot;}\">\n\t\t<div class=\"elementor-element elementor-element-2e1c688 e-con-full e-flex e-con e-child\" data-id=\"2e1c688\" data-element_type=\"container\">\n\t\t\t\t<div class=\"elementor-element elementor-element-cbeeb95 elementor-widget elementor-widget-image\" data-id=\"cbeeb95\" data-element_type=\"widget\" data-widget_type=\"image.default\">\n\t\t\t\t<div class=\"elementor-widget-container\">\n\t\t\t\t\t\t\t\t\t\t\t\t\t\t\t<img decoding=\"async\" width=\"2048\" height=\"1151\" src=\"https:\/\/arguis.monrepos.es\/wp-content\/uploads\/2024\/10\/401125406_642035638080805_4873098147797726363_n.jpg\" class=\"attachment-full size-full wp-image-4237\" alt=\"\" srcset=\"https:\/\/arguis.monrepos.es\/wp-content\/uploads\/2024\/10\/401125406_642035638080805_4873098147797726363_n.jpg 2048w, https:\/\/arguis.monrepos.es\/wp-content\/uploads\/2024\/10\/401125406_642035638080805_4873098147797726363_n-300x169.jpg 300w, https:\/\/arguis.monrepos.es\/wp-content\/uploads\/2024\/10\/401125406_642035638080805_4873098147797726363_n-1024x576.jpg 1024w, https:\/\/arguis.monrepos.es\/wp-content\/uploads\/2024\/10\/401125406_642035638080805_4873098147797726363_n-768x432.jpg 768w, https:\/\/arguis.monrepos.es\/wp-content\/uploads\/2024\/10\/401125406_642035638080805_4873098147797726363_n-1536x863.jpg 1536w, https:\/\/arguis.monrepos.es\/wp-content\/uploads\/2024\/10\/401125406_642035638080805_4873098147797726363_n-600x337.jpg 600w\" sizes=\"(max-width: 2048px) 100vw, 2048px\" \/>\t\t\t\t\t\t\t\t\t\t\t\t\t\t\t<\/div>\n\t\t\t\t<\/div>\n\t\t\t\t<\/div>\n\t\t<div class=\"elementor-element elementor-element-8d8414d e-con-full e-flex e-con e-child\" data-id=\"8d8414d\" data-element_type=\"container\" data-settings=\"{&quot;background_background&quot;:&quot;classic&quot;}\">\n\t\t\t\t<div class=\"elementor-element elementor-element-50a6794 elementor-widget elementor-widget-heading\" data-id=\"50a6794\" data-element_type=\"widget\" data-widget_type=\"heading.default\">\n\t\t\t\t<div class=\"elementor-widget-container\">\n\t\t\t\t\t<h6 class=\"elementor-heading-title elementor-size-default\">  Le compte \u00e0 rebours a commenc\u00e9<\/h6>\t\t\t\t<\/div>\n\t\t\t\t<\/div>\n\t\t\t\t<div class=\"elementor-element elementor-element-25398df elementor-align-center elementor-icon-list--layout-traditional elementor-list-item-link-full_width elementor-widget elementor-widget-icon-list\" data-id=\"25398df\" data-element_type=\"widget\" data-widget_type=\"icon-list.default\">\n\t\t\t\t<div class=\"elementor-widget-container\">\n\t\t\t\t\t\t\t<ul class=\"elementor-icon-list-items\">\n\t\t\t\t\t\t\t<li class=\"elementor-icon-list-item\">\n\t\t\t\t\t\t\t\t\t\t\t<span class=\"elementor-icon-list-icon\">\n\t\t\t\t\t\t\t<svg aria-hidden=\"true\" class=\"e-font-icon-svg e-fas-unlock-alt\" viewBox=\"0 0 448 512\" xmlns=\"http:\/\/www.w3.org\/2000\/svg\"><path d=\"M400 256H152V152.9c0-39.6 31.7-72.5 71.3-72.9 40-.4 72.7 32.1 72.7 72v16c0 13.3 10.7 24 24 24h32c13.3 0 24-10.7 24-24v-16C376 68 307.5-.3 223.5 0 139.5.3 72 69.5 72 153.5V256H48c-26.5 0-48 21.5-48 48v160c0 26.5 21.5 48 48 48h352c26.5 0 48-21.5 48-48V304c0-26.5-21.5-48-48-48zM264 408c0 22.1-17.9 40-40 40s-40-17.9-40-40v-48c0-22.1 17.9-40 40-40s40 17.9 40 40v48z\"><\/path><\/svg>\t\t\t\t\t\t<\/span>\n\t\t\t\t\t\t\t\t\t\t<span class=\"elementor-icon-list-text\">La p\u00e9riode d'inscription est ouverte jusqu'au 15 d\u00e9cembre.<\/span>\n\t\t\t\t\t\t\t\t\t<\/li>\n\t\t\t\t\t\t<\/ul>\n\t\t\t\t\t\t<\/div>\n\t\t\t\t<\/div>\n\t\t\t\t<div class=\"elementor-element elementor-element-8ae7c02 elementor-align-center elementor-widget elementor-widget-button\" data-id=\"8ae7c02\" data-element_type=\"widget\" data-widget_type=\"button.default\">\n\t\t\t\t<div class=\"elementor-widget-container\">\n\t\t\t\t\t\t\t\t\t<div class=\"elementor-button-wrapper\">\n\t\t\t\t\t<a class=\"elementor-button elementor-button-link elementor-size-sm\" href=\"https:\/\/arguis.monrepos.es\/fr\/reunion-dhiver-darguis-2\/page-de-saisie-des-donnees\/\">\n\t\t\t\t\t\t<span class=\"elementor-button-content-wrapper\">\n\t\t\t\t\t\t\t\t\t<span class=\"elementor-button-text\">S'INSCRIRE<\/span>\n\t\t\t\t\t<\/span>\n\t\t\t\t\t<\/a>\n\t\t\t\t<\/div>\n\t\t\t\t\t\t\t\t<\/div>\n\t\t\t\t<\/div>\n\t\t\t\t<\/div>\n\t\t\t\t<\/div>\n\t\t<div class=\"elementor-element elementor-element-6db0443 e-flex e-con-boxed e-con e-parent\" data-id=\"6db0443\" data-element_type=\"container\">\n\t\t\t\t\t<div class=\"e-con-inner\">\n\t\t\t\t<div class=\"elementor-element elementor-element-bdce203 elementor-widget elementor-widget-html\" data-id=\"bdce203\" data-element_type=\"widget\" data-widget_type=\"html.default\">\n\t\t\t\t<div class=\"elementor-widget-container\">\n\t\t\t\t\t<style>.eael-countdown-days {\n    display: inline-flex;\n}\n\nspan.eael-countdown-digits:before {\n    content: \"quedan \";\n    font-size: 36px;\n    color: #000000;\n}\n\n.counter-p {\n    text-align: center;\n    \n}\n\nspan.eael-countdown-label {\n    margin-left: 12px;\n    margin-top: 16px;\n}\n<\/style>\t\t\t\t<\/div>\n\t\t\t\t<\/div>\n\t\t\t\t\t<\/div>\n\t\t\t\t<\/div>\n\t\t\t\t<\/div>\n\t\t","protected":false},"excerpt":{"rendered":"<p>Symboles DE LA R\u00c9UNION D&rsquo;HIVER DE L&rsquo;ARGUIS Olegario Olegario est la sympathique mascotte de la Hivernale d&rsquo;Arguis. Cr\u00e9\u00e9 en 1978, il a \u00e9t\u00e9 port\u00e9 sur les m\u00e9dailles des \u00e9ditions 1979 \u00e0 1982 et son image est \u00e0 jamais grav\u00e9e dans la m\u00e9moire collective d&rsquo;Arguis, dont il est le symbole officiel. N\u00e9 sans nom \u00e0 l&rsquo;origine, [&hellip;]<\/p>\n","protected":false},"author":5,"featured_media":0,"parent":0,"menu_order":0,"comment_status":"closed","ping_status":"closed","template":"","meta":{"site-sidebar-layout":"no-sidebar","site-content-layout":"page-builder","ast-site-content-layout":"full-width-container","site-content-style":"unboxed","site-sidebar-style":"unboxed","ast-global-header-display":"","ast-banner-title-visibility":"","ast-main-header-display":"","ast-hfb-above-header-display":"","ast-hfb-below-header-display":"","ast-hfb-mobile-header-display":"","site-post-title":"disabled","ast-breadcrumbs-content":"disabled","ast-featured-img":"disabled","footer-sml-layout":"","theme-transparent-header-meta":"enabled","adv-header-id-meta":"","stick-header-meta":"","header-above-stick-meta":"","header-main-stick-meta":"","header-below-stick-meta":"","astra-migrate-meta-layouts":"default","ast-page-background-enabled":"default","ast-page-background-meta":{"desktop":{"background-color":"","background-image":"","background-repeat":"repeat","background-position":"center center","background-size":"auto","background-attachment":"scroll","background-type":"","background-media":"","overlay-type":"","overlay-color":"","overlay-opacity":"","overlay-gradient":""},"tablet":{"background-color":"","background-image":"","background-repeat":"repeat","background-position":"center center","background-size":"auto","background-attachment":"scroll","background-type":"","background-media":"","overlay-type":"","overlay-color":"","overlay-opacity":"","overlay-gradient":""},"mobile":{"background-color":"","background-image":"","background-repeat":"repeat","background-position":"center center","background-size":"auto","background-attachment":"scroll","background-type":"","background-media":"","overlay-type":"","overlay-color":"","overlay-opacity":"","overlay-gradient":""}},"ast-content-background-meta":{"desktop":{"background-color":"var(--ast-global-color-5)","background-image":"","background-repeat":"repeat","background-position":"center center","background-size":"auto","background-attachment":"scroll","background-type":"","background-media":"","overlay-type":"","overlay-color":"","overlay-opacity":"","overlay-gradient":""},"tablet":{"background-color":"var(--ast-global-color-5)","background-image":"","background-repeat":"repeat","background-position":"center center","background-size":"auto","background-attachment":"scroll","background-type":"","background-media":"","overlay-type":"","overlay-color":"","overlay-opacity":"","overlay-gradient":""},"mobile":{"background-color":"var(--ast-global-color-5)","background-image":"","background-repeat":"repeat","background-position":"center center","background-size":"auto","background-attachment":"scroll","background-type":"","background-media":"","overlay-type":"","overlay-color":"","overlay-opacity":"","overlay-gradient":""}},"footnotes":""},"class_list":["post-5741","page","type-page","status-publish","hentry"],"_links":{"self":[{"href":"https:\/\/arguis.monrepos.es\/fr\/wp-json\/wp\/v2\/pages\/5741","targetHints":{"allow":["GET"]}}],"collection":[{"href":"https:\/\/arguis.monrepos.es\/fr\/wp-json\/wp\/v2\/pages"}],"about":[{"href":"https:\/\/arguis.monrepos.es\/fr\/wp-json\/wp\/v2\/types\/page"}],"author":[{"embeddable":true,"href":"https:\/\/arguis.monrepos.es\/fr\/wp-json\/wp\/v2\/users\/5"}],"replies":[{"embeddable":true,"href":"https:\/\/arguis.monrepos.es\/fr\/wp-json\/wp\/v2\/comments?post=5741"}],"version-history":[{"count":10,"href":"https:\/\/arguis.monrepos.es\/fr\/wp-json\/wp\/v2\/pages\/5741\/revisions"}],"predecessor-version":[{"id":6466,"href":"https:\/\/arguis.monrepos.es\/fr\/wp-json\/wp\/v2\/pages\/5741\/revisions\/6466"}],"wp:attachment":[{"href":"https:\/\/arguis.monrepos.es\/fr\/wp-json\/wp\/v2\/media?parent=5741"}],"curies":[{"name":"wp","href":"https:\/\/api.w.org\/{rel}","templated":true}]}}