{"id":5743,"date":"2024-10-07T20:55:18","date_gmt":"2024-10-07T18:55:18","guid":{"rendered":"https:\/\/arguis.monrepos.es\/politique-de-confidentialite\/"},"modified":"2024-10-09T17:48:07","modified_gmt":"2024-10-09T15:48:07","slug":"politique-de-confidentialite","status":"publish","type":"page","link":"https:\/\/arguis.monrepos.es\/fr\/politique-de-confidentialite\/","title":{"rendered":"Politique de confidentialit\u00e9"},"content":{"rendered":"\t\t<div data-elementor-type=\"wp-page\" data-elementor-id=\"5743\" class=\"elementor elementor-5743\" data-elementor-post-type=\"page\">\n\t\t\t\t<div class=\"elementor-element elementor-element-af9412d e-con-full e-flex e-con e-parent\" data-id=\"af9412d\" data-element_type=\"container\" data-settings=\"{&quot;background_background&quot;:&quot;classic&quot;,&quot;shape_divider_bottom&quot;:&quot;tilt&quot;}\">\n\t\t\t\t<div class=\"elementor-shape elementor-shape-bottom\" aria-hidden=\"true\" data-negative=\"false\">\n\t\t\t<svg xmlns=\"http:\/\/www.w3.org\/2000\/svg\" viewBox=\"0 0 1000 100\" preserveAspectRatio=\"none\">\n\t<path class=\"elementor-shape-fill\" d=\"M0,6V0h1000v100L0,6z\"\/>\n<\/svg>\t\t<\/div>\n\t\t<div class=\"elementor-element elementor-element-6d39f74 e-con-full e-flex e-con e-child\" data-id=\"6d39f74\" data-element_type=\"container\">\n\t\t\t\t<div class=\"elementor-element elementor-element-262f85b elementor-widget elementor-widget-heading\" data-id=\"262f85b\" data-element_type=\"widget\" data-widget_type=\"heading.default\">\n\t\t\t\t<div class=\"elementor-widget-container\">\n\t\t\t\t\t<h1 class=\"elementor-heading-title elementor-size-default\">Politique de confidentialit\u00e9<\/h1>\t\t\t\t<\/div>\n\t\t\t\t<\/div>\n\t\t\t\t<\/div>\n\t\t\t\t<\/div>\n\t\t<div class=\"elementor-element elementor-element-12ba43c e-flex e-con-boxed e-con e-parent\" data-id=\"12ba43c\" data-element_type=\"container\" data-settings=\"{&quot;background_background&quot;:&quot;classic&quot;}\">\n\t\t\t\t\t<div class=\"e-con-inner\">\n\t\t<div class=\"elementor-element elementor-element-ab1ec1e e-con-full e-flex e-con e-child\" data-id=\"ab1ec1e\" data-element_type=\"container\">\n\t\t\t\t<div class=\"elementor-element elementor-element-0be6244 elementor-widget elementor-widget-icon-box\" data-id=\"0be6244\" data-element_type=\"widget\" data-widget_type=\"icon-box.default\">\n\t\t\t\t<div class=\"elementor-widget-container\">\n\t\t\t\t\t\t\t<div class=\"elementor-icon-box-wrapper\">\n\n\t\t\t\n\t\t\t\t\t\t<div class=\"elementor-icon-box-content\">\n\n\t\t\t\t\t\t\t\t\t<h4 class=\"elementor-icon-box-title\">\n\t\t\t\t\t\t<span  >\n\t\t\t\t\t\t\tPolitique de confidentialit\u00e9\t\t\t\t\t\t<\/span>\n\t\t\t\t\t<\/h4>\n\t\t\t\t\n\t\t\t\t\n\t\t\t<\/div>\n\t\t\t\n\t\t<\/div>\n\t\t\t\t\t\t<\/div>\n\t\t\t\t<\/div>\n\t\t\t\t<div class=\"elementor-element elementor-element-53d1045 elementor-widget elementor-widget-text-editor\" data-id=\"53d1045\" data-element_type=\"widget\" data-widget_type=\"text-editor.default\">\n\t\t\t\t<div class=\"elementor-widget-container\">\n\t\t\t\t\t\t\t\t\t<p><strong>PROTECTION DES DONN\u00c9ES PERSONNELLES<\/strong><\/p>\n<p>Informer l&rsquo;utilisateur de l&rsquo;existence du fichier et lui demander son consentement pour le traitement automatis\u00e9 des donn\u00e9es.<br \/>En ce qui concerne les donn\u00e9es personnelles fournies par l&rsquo;UTILISATEUR dans les formulaires qui peuvent exister sur le site web de REUNI\u00d3N INVERNAL ARGUIS, arguis.monrepos.es, nous vous informons que nous respectons strictement la r\u00e9glementation en vigueur \u00e9tablie dans la Loi 15\/1999 sur la protection des donn\u00e9es \u00e0 caract\u00e8re personnel et d&rsquo;autres l\u00e9gislations qui la d\u00e9veloppent et informe l&rsquo;UTILISATEUR que les donn\u00e9es susmentionn\u00e9es seront incluses dans un fichier pour le traitement automatis\u00e9, l&rsquo;UTILISATEUR donnant son consentement en acceptant les pr\u00e9sentes conditions g\u00e9n\u00e9rales \u00e0 un tel traitement.<\/p>\n<p>F<strong>inalit\u00e9 des donn\u00e9es<\/strong> ASOCIACI\u00d3N DEPORTIVA MOTO CLUB MONREP\u00d3S recueille certaines donn\u00e9es personnelles que l&rsquo;UTILISATEUR introduit librement dans les formulaires d&rsquo;inscription et les demandes d&rsquo;information qui peuvent exister sur le site Web. ASOCIACI\u00d3N DEPORTIVA MOTO CLUB MONREP\u00d3S informe qu&rsquo;elle g\u00e9rera automatiquement ces donn\u00e9es afin de traiter les demandes de services formul\u00e9es par ses clients et les demandes d&rsquo;information qui lui sont adress\u00e9es. Ces donn\u00e9es seront \u00e9galement g\u00e9r\u00e9es pour l&rsquo;envoi p\u00e9riodique d&rsquo;offres et d&rsquo;informations commerciales \u00e0 ces utilisateurs. Dans tous les cas, les donn\u00e9es collect\u00e9es et trait\u00e9es par ASOCIACI\u00d3N DEPORTIVA MOTO CLUB MONREP\u00d3S sont uniquement des donn\u00e9es de base aux fins indiqu\u00e9es ci-dessus.   <\/p>\n<p>C<strong>aract\u00e8re obligatoire de la saisie des donn\u00e9es<\/strong> Les champs marqu\u00e9s d&rsquo;un ast\u00e9risque* dans les formulaires existants sont ceux qui requi\u00e8rent une r\u00e9ponse obligatoire et qui, s&rsquo;ils n&rsquo;\u00e9taient pas remplis, auraient pour cons\u00e9quence l&rsquo;impossibilit\u00e9 de s&rsquo;enregistrer ou d&rsquo;introduire la demande sp\u00e9cifique.<\/p>\n<p>D<strong>roits d&rsquo;acc\u00e8s, de rectification, d&rsquo;annulation et d&rsquo;opposition<\/strong> L&rsquo;UTILISATEUR qui introduit ses donn\u00e9es personnelles dans les formulaires pourra exercer ses droits d&rsquo;acc\u00e8s, de rectification, d&rsquo;annulation et d&rsquo;opposition \u00e0 tout moment en s&rsquo;adressant \u00e0 arguis@monrepos.es ou par courrier \u00e0 ASOCIACI\u00d3N DEPORTIVA MOTO CLUB MONREP\u00d3S, Plaza Iglesia 2, Bentu\u00e9 de Rasal, 22150-Arguis (Huesca, Espagne), en joignant dans les deux cas une copie du NIF du titulaire des donn\u00e9es. ASOCIACI\u00d3N DEPORTIVA MOTO CLUB MONREP\u00d3S r\u00e9it\u00e8re son engagement de respect et de confidentialit\u00e9 absolus dans la collecte et le traitement des donn\u00e9es personnelles, de sorte que l&rsquo;UTILISATEUR puisse savoir \u00e0 tout moment quelles donn\u00e9es sont d\u00e9tenues par ASOCIACI\u00d3N DEPORTIVA MOTO CLUB MONREP\u00d3S et comment elles sont utilis\u00e9es, en envoyant un courrier \u00e9lectronique \u00e0 arguis@monrepos.es ou en le demandant \u00e0 l&rsquo;adresse susmentionn\u00e9e et en joignant toujours une copie du NIF du propri\u00e9taire des donn\u00e9es. <\/p>\n<p>R<strong>esponsable du traitement<\/strong> Le responsable du traitement des donn\u00e9es est ASOCIACI\u00d3N DEPORTIVA MOTO CLUB MONREP\u00d3S, dont l&rsquo;adresse est Plaza Iglesia, 2, Bentu\u00e9 de Rasal, 22150-Argu\u00eds (Huesca, Espagne). ASOCIACI\u00d3N DEPORTIVA MOTO CLUB MONREP\u00d3S a d\u00fbment enregistr\u00e9 ses fichiers aupr\u00e8s de l&rsquo;Agence de protection des donn\u00e9es, qui peut \u00eatre consult\u00e9e \u00e0 l&rsquo;adresse www.agpd.es. <\/p>\n<p>T<strong>ransfert de donn\u00e9es<\/strong> Les donn\u00e9es ne seront pas transf\u00e9r\u00e9es \u00e0 des tiers. ASOCIACI\u00d3N DEPORTIVA MOTO CLUB MONREP\u00d3S informe l&rsquo;UTILISATEUR qu&rsquo;en adh\u00e9rant \u00e0 ces conditions g\u00e9n\u00e9rales, il consent \u00e0 la communication n\u00e9cessaire de ses donn\u00e9es afin de pouvoir g\u00e9rer la demande des services sollicit\u00e9s, communication li\u00e9e \u00e0 la finalit\u00e9 m\u00eame pour laquelle les donn\u00e9es ont \u00e9t\u00e9 introduites et donc li\u00e9e \u00e0 l&rsquo;acceptation libre et l\u00e9gitime de la relation juridique existante entre l&rsquo;UTILISATEUR et ASOCIACI\u00d3N DEPORTIVA MOTO CLUB MONREP\u00d3S, dont le d\u00e9veloppement, l&rsquo;accomplissement et le contr\u00f4le impliquent n\u00e9cessairement la connexion des donn\u00e9es et qui inclut la transmission n\u00e9cessaire de celles-ci, l&rsquo;UTILISATEUR donne son consentement sans r\u00e9serve. Dans tous les cas, l&rsquo;UTILISATEUR peut r\u00e9voquer son consentement \u00e0 tout moment en le demandant \u00e0 arguis@monrepos.es et, dans certains cas, la r\u00e9vocation de cette communication peut impliquer l&rsquo;impossibilit\u00e9 de formaliser la commande, ce dont l&rsquo;UTILISATEUR sera d\u00fbment inform\u00e9.  <\/p>\n<p>S<strong>\u00e9curit\u00e9<\/strong> ASOCIACI\u00d3N DEPORTIVA MOTO CLUB MONREP\u00d3S garantit la confidentialit\u00e9 absolue et le caract\u00e8re priv\u00e9 des donn\u00e9es personnelles collect\u00e9es et, par cons\u00e9quent, des mesures de s\u00e9curit\u00e9 essentielles ont \u00e9t\u00e9 adopt\u00e9es pour \u00e9viter l&rsquo;alt\u00e9ration, la perte, le traitement ou l&rsquo;acc\u00e8s non autoris\u00e9 et garantir ainsi leur int\u00e9grit\u00e9 et leur s\u00e9curit\u00e9. ASOCIACI\u00d3N DEPORTIVA MOTO CLUB MONREP\u00d3S ne sera en aucun cas responsable des incidents qui pourraient survenir en relation avec les donn\u00e9es personnelles lorsqu&rsquo;ils proviennent d&rsquo;une attaque ou d&rsquo;un acc\u00e8s non autoris\u00e9 aux syst\u00e8mes de telle sorte qu&rsquo;il est impossible de les d\u00e9tecter par les mesures de s\u00e9curit\u00e9 mises en \u0153uvre ou lorsqu&rsquo;ils sont dus \u00e0 un manque de diligence de la part de l&rsquo;UTILISATEUR en ce qui concerne la garde et la conservation de ses codes d&rsquo;acc\u00e8s ou de ses propres donn\u00e9es personnelles. <\/p>\n<p>U<strong>tilisation de cookies<\/strong> ASOCIACI\u00d3N DEPORTIVA MOTO CLUB MONREP\u00d3S utilise des cookies pour obtenir des informations et r\u00e9aliser des analyses statistiques sur l&rsquo;utilisation du site arguis.monrepos.es &#8211; qui peut \u00e9galement \u00eatre consult\u00e9 et utilis\u00e9 de mani\u00e8re anonyme &#8211; et pour permettre le fonctionnement de certains services. Les cookies utilis\u00e9s par ASOCIACI\u00d3N DEPORTIVA MOTO CLUB MONREP\u00d3S sont anonymes et ne se r\u00e9f\u00e8rent pas aux donn\u00e9es personnelles de l&rsquo;UTILISATEUR, pas plus qu&rsquo;ils ne peuvent \u00eatre utilis\u00e9s pour acc\u00e9der aux donn\u00e9es que l&rsquo;UTILISATEUR pourrait avoir sur son disque dur. L&rsquo;identit\u00e9 de l&rsquo;UTILISATEUR n&rsquo;est jamais ins\u00e9r\u00e9e directement dans le cookie et n&rsquo;est donc pas interceptable. Les seuls cookies non anonymes, c&rsquo;est-\u00e0-dire ceux qui permettent l&rsquo;identification, ne peuvent \u00eatre attribu\u00e9s qu&rsquo;avec l&rsquo;autorisation pr\u00e9alable de l&rsquo;UTILISATEUR lorsque celui-ci souhaite disposer d&rsquo;une identification imm\u00e9diate pour acc\u00e9der \u00e0 des zones restreintes du site web sans que l&rsquo;UTILISATEUR n&rsquo;ins\u00e8re manuellement ses mots de passe. Dans tous les cas, si l&rsquo;UTILISATEUR ne souhaite pas que ces cookies soient install\u00e9s, il peut configurer son navigateur pour l&rsquo;en emp\u00eacher sans alt\u00e9rer ou modifier l&rsquo;utilisation du site web de l&rsquo;UTILISATEUR.    <\/p>\n<p>V<strong>\u00e9racit\u00e9 des donn\u00e9es<\/strong> L&rsquo;UTILISATEUR est responsable de la v\u00e9racit\u00e9 de ses donn\u00e9es, s&rsquo;engageant \u00e0 ne pas introduire de fausses donn\u00e9es et \u00e0 proc\u00e9der \u00e0 leur modification si n\u00e9cessaire.<\/p>\n\t\t\t\t\t\t\t\t<\/div>\n\t\t\t\t<\/div>\n\t\t\t\t<\/div>\n\t\t\t\t\t<\/div>\n\t\t\t\t<\/div>\n\t\t<div class=\"elementor-element elementor-element-2d0e54e e-con-full e-flex e-con e-parent\" data-id=\"2d0e54e\" data-element_type=\"container\" data-settings=\"{&quot;background_background&quot;:&quot;classic&quot;,&quot;shape_divider_top&quot;:&quot;tilt&quot;,&quot;shape_divider_bottom&quot;:&quot;tilt&quot;}\">\n\t\t\t\t<div class=\"elementor-shape elementor-shape-top\" aria-hidden=\"true\" data-negative=\"false\">\n\t\t\t<svg xmlns=\"http:\/\/www.w3.org\/2000\/svg\" viewBox=\"0 0 1000 100\" preserveAspectRatio=\"none\">\n\t<path class=\"elementor-shape-fill\" d=\"M0,6V0h1000v100L0,6z\"\/>\n<\/svg>\t\t<\/div>\n\t\t\t\t<div class=\"elementor-shape elementor-shape-bottom\" aria-hidden=\"true\" data-negative=\"false\">\n\t\t\t<svg xmlns=\"http:\/\/www.w3.org\/2000\/svg\" viewBox=\"0 0 1000 100\" preserveAspectRatio=\"none\">\n\t<path class=\"elementor-shape-fill\" d=\"M0,6V0h1000v100L0,6z\"\/>\n<\/svg>\t\t<\/div>\n\t\t<div class=\"elementor-element elementor-element-5a63183 e-con-full e-flex e-con e-child\" data-id=\"5a63183\" data-element_type=\"container\">\n\t\t\t\t<div class=\"elementor-element elementor-element-f61f636 elementor-widget elementor-widget-heading\" data-id=\"f61f636\" data-element_type=\"widget\" data-widget_type=\"heading.default\">\n\t\t\t\t<div class=\"elementor-widget-container\">\n\t\t\t\t\t<h2 class=\"elementor-heading-title elementor-size-default\">PROFITEZ DE LA R\u00c9UNION D'HIVER DE L'ARGUIS<\/h2>\t\t\t\t<\/div>\n\t\t\t\t<\/div>\n\t\t\t\t<\/div>\n\t\t\t\t<\/div>\n\t\t<div class=\"elementor-element elementor-element-4f807c7 e-con-full e-flex e-con e-parent\" data-id=\"4f807c7\" data-element_type=\"container\" data-settings=\"{&quot;background_background&quot;:&quot;classic&quot;}\">\n\t\t<div class=\"elementor-element elementor-element-2e1c688 e-con-full e-flex e-con e-child\" data-id=\"2e1c688\" data-element_type=\"container\">\n\t\t\t\t<div class=\"elementor-element elementor-element-cbeeb95 elementor-widget elementor-widget-image\" data-id=\"cbeeb95\" data-element_type=\"widget\" data-widget_type=\"image.default\">\n\t\t\t\t<div class=\"elementor-widget-container\">\n\t\t\t\t\t\t\t\t\t\t\t\t\t\t\t<img fetchpriority=\"high\" decoding=\"async\" width=\"1024\" height=\"683\" src=\"https:\/\/arguis.monrepos.es\/wp-content\/uploads\/2024\/05\/inscripcion-penitentes-2024.webp\" class=\"attachment-full size-full wp-image-3110\" alt=\"\u00danete a la ruta de los Penitentes 2024\" srcset=\"https:\/\/arguis.monrepos.es\/wp-content\/uploads\/2024\/05\/inscripcion-penitentes-2024.webp 1024w, https:\/\/arguis.monrepos.es\/wp-content\/uploads\/2024\/05\/inscripcion-penitentes-2024-300x200.webp 300w, https:\/\/arguis.monrepos.es\/wp-content\/uploads\/2024\/05\/inscripcion-penitentes-2024-768x512.webp 768w\" sizes=\"(max-width: 1024px) 100vw, 1024px\" \/>\t\t\t\t\t\t\t\t\t\t\t\t\t\t\t<\/div>\n\t\t\t\t<\/div>\n\t\t\t\t<\/div>\n\t\t<div class=\"elementor-element elementor-element-8d8414d e-con-full e-flex e-con e-child\" data-id=\"8d8414d\" data-element_type=\"container\" data-settings=\"{&quot;background_background&quot;:&quot;classic&quot;}\">\n\t\t\t\t<div class=\"elementor-element elementor-element-50a6794 elementor-widget elementor-widget-heading\" data-id=\"50a6794\" data-element_type=\"widget\" data-widget_type=\"heading.default\">\n\t\t\t\t<div class=\"elementor-widget-container\">\n\t\t\t\t\t<h6 class=\"elementor-heading-title elementor-size-default\">  Le compte \u00e0 rebours a commenc\u00e9<\/h6>\t\t\t\t<\/div>\n\t\t\t\t<\/div>\n\t\t\t\t<div class=\"elementor-element elementor-element-25398df elementor-align-center elementor-icon-list--layout-traditional elementor-list-item-link-full_width elementor-widget elementor-widget-icon-list\" data-id=\"25398df\" data-element_type=\"widget\" data-widget_type=\"icon-list.default\">\n\t\t\t\t<div class=\"elementor-widget-container\">\n\t\t\t\t\t\t\t<ul class=\"elementor-icon-list-items\">\n\t\t\t\t\t\t\t<li class=\"elementor-icon-list-item\">\n\t\t\t\t\t\t\t\t\t\t\t<span class=\"elementor-icon-list-icon\">\n\t\t\t\t\t\t\t<svg aria-hidden=\"true\" class=\"e-font-icon-svg e-fas-unlock-alt\" viewBox=\"0 0 448 512\" xmlns=\"http:\/\/www.w3.org\/2000\/svg\"><path d=\"M400 256H152V152.9c0-39.6 31.7-72.5 71.3-72.9 40-.4 72.7 32.1 72.7 72v16c0 13.3 10.7 24 24 24h32c13.3 0 24-10.7 24-24v-16C376 68 307.5-.3 223.5 0 139.5.3 72 69.5 72 153.5V256H48c-26.5 0-48 21.5-48 48v160c0 26.5 21.5 48 48 48h352c26.5 0 48-21.5 48-48V304c0-26.5-21.5-48-48-48zM264 408c0 22.1-17.9 40-40 40s-40-17.9-40-40v-48c0-22.1 17.9-40 40-40s40 17.9 40 40v48z\"><\/path><\/svg>\t\t\t\t\t\t<\/span>\n\t\t\t\t\t\t\t\t\t\t<span class=\"elementor-icon-list-text\">La p\u00e9riode d'inscription est ouverte jusqu'au 15 d\u00e9cembre.<\/span>\n\t\t\t\t\t\t\t\t\t<\/li>\n\t\t\t\t\t\t<\/ul>\n\t\t\t\t\t\t<\/div>\n\t\t\t\t<\/div>\n\t\t\t\t<div class=\"elementor-element elementor-element-8ae7c02 elementor-align-center elementor-widget elementor-widget-button\" data-id=\"8ae7c02\" data-element_type=\"widget\" data-widget_type=\"button.default\">\n\t\t\t\t<div class=\"elementor-widget-container\">\n\t\t\t\t\t\t\t\t\t<div class=\"elementor-button-wrapper\">\n\t\t\t\t\t<a class=\"elementor-button elementor-button-link elementor-size-sm\" href=\"https:\/\/arguis.monrepos.es\/fr\/reunion-dhiver-darguis-2\/page-de-saisie-des-donnees\/\">\n\t\t\t\t\t\t<span class=\"elementor-button-content-wrapper\">\n\t\t\t\t\t\t\t\t\t<span class=\"elementor-button-text\">S'INSCRIRE<\/span>\n\t\t\t\t\t<\/span>\n\t\t\t\t\t<\/a>\n\t\t\t\t<\/div>\n\t\t\t\t\t\t\t\t<\/div>\n\t\t\t\t<\/div>\n\t\t\t\t<\/div>\n\t\t\t\t<\/div>\n\t\t<div class=\"elementor-element elementor-element-6db0443 e-flex e-con-boxed e-con e-parent\" data-id=\"6db0443\" data-element_type=\"container\">\n\t\t\t\t\t<div class=\"e-con-inner\">\n\t\t\t\t<div class=\"elementor-element elementor-element-bdce203 elementor-widget elementor-widget-html\" data-id=\"bdce203\" data-element_type=\"widget\" data-widget_type=\"html.default\">\n\t\t\t\t<div class=\"elementor-widget-container\">\n\t\t\t\t\t<style>.eael-countdown-days {\n    display: inline-flex;\n}\n\nspan.eael-countdown-digits:before {\n    content: \"quedan \";\n    font-size: 36px;\n    color: #000000;\n}\n\n.counter-p {\n    text-align: center;\n    \n}\n\nspan.eael-countdown-label {\n    margin-left: 12px;\n    margin-top: 16px;\n}\n<\/style>\t\t\t\t<\/div>\n\t\t\t\t<\/div>\n\t\t\t\t\t<\/div>\n\t\t\t\t<\/div>\n\t\t\t\t<\/div>\n\t\t","protected":false},"excerpt":{"rendered":"<p>Politique de confidentialit\u00e9 Politique de confidentialit\u00e9 PROTECTION DES DONN\u00c9ES PERSONNELLES Informer l&rsquo;utilisateur de l&rsquo;existence du fichier et lui demander son consentement pour le traitement automatis\u00e9 des donn\u00e9es.En ce qui concerne les donn\u00e9es personnelles fournies par l&rsquo;UTILISATEUR dans les formulaires qui peuvent exister sur le site web de REUNI\u00d3N INVERNAL ARGUIS, arguis.monrepos.es, nous vous informons que [&hellip;]<\/p>\n","protected":false},"author":5,"featured_media":0,"parent":0,"menu_order":0,"comment_status":"closed","ping_status":"closed","template":"","meta":{"site-sidebar-layout":"no-sidebar","site-content-layout":"page-builder","ast-site-content-layout":"full-width-container","site-content-style":"unboxed","site-sidebar-style":"unboxed","ast-global-header-display":"","ast-banner-title-visibility":"","ast-main-header-display":"","ast-hfb-above-header-display":"","ast-hfb-below-header-display":"","ast-hfb-mobile-header-display":"","site-post-title":"disabled","ast-breadcrumbs-content":"disabled","ast-featured-img":"disabled","footer-sml-layout":"","theme-transparent-header-meta":"enabled","adv-header-id-meta":"","stick-header-meta":"","header-above-stick-meta":"","header-main-stick-meta":"","header-below-stick-meta":"","astra-migrate-meta-layouts":"default","ast-page-background-enabled":"default","ast-page-background-meta":{"desktop":{"background-color":"","background-image":"","background-repeat":"repeat","background-position":"center center","background-size":"auto","background-attachment":"scroll","background-type":"","background-media":"","overlay-type":"","overlay-color":"","overlay-opacity":"","overlay-gradient":""},"tablet":{"background-color":"","background-image":"","background-repeat":"repeat","background-position":"center center","background-size":"auto","background-attachment":"scroll","background-type":"","background-media":"","overlay-type":"","overlay-color":"","overlay-opacity":"","overlay-gradient":""},"mobile":{"background-color":"","background-image":"","background-repeat":"repeat","background-position":"center center","background-size":"auto","background-attachment":"scroll","background-type":"","background-media":"","overlay-type":"","overlay-color":"","overlay-opacity":"","overlay-gradient":""}},"ast-content-background-meta":{"desktop":{"background-color":"var(--ast-global-color-5)","background-image":"","background-repeat":"repeat","background-position":"center center","background-size":"auto","background-attachment":"scroll","background-type":"","background-media":"","overlay-type":"","overlay-color":"","overlay-opacity":"","overlay-gradient":""},"tablet":{"background-color":"var(--ast-global-color-5)","background-image":"","background-repeat":"repeat","background-position":"center center","background-size":"auto","background-attachment":"scroll","background-type":"","background-media":"","overlay-type":"","overlay-color":"","overlay-opacity":"","overlay-gradient":""},"mobile":{"background-color":"var(--ast-global-color-5)","background-image":"","background-repeat":"repeat","background-position":"center center","background-size":"auto","background-attachment":"scroll","background-type":"","background-media":"","overlay-type":"","overlay-color":"","overlay-opacity":"","overlay-gradient":""}},"footnotes":""},"class_list":["post-5743","page","type-page","status-publish","hentry"],"_links":{"self":[{"href":"https:\/\/arguis.monrepos.es\/fr\/wp-json\/wp\/v2\/pages\/5743","targetHints":{"allow":["GET"]}}],"collection":[{"href":"https:\/\/arguis.monrepos.es\/fr\/wp-json\/wp\/v2\/pages"}],"about":[{"href":"https:\/\/arguis.monrepos.es\/fr\/wp-json\/wp\/v2\/types\/page"}],"author":[{"embeddable":true,"href":"https:\/\/arguis.monrepos.es\/fr\/wp-json\/wp\/v2\/users\/5"}],"replies":[{"embeddable":true,"href":"https:\/\/arguis.monrepos.es\/fr\/wp-json\/wp\/v2\/comments?post=5743"}],"version-history":[{"count":2,"href":"https:\/\/arguis.monrepos.es\/fr\/wp-json\/wp\/v2\/pages\/5743\/revisions"}],"predecessor-version":[{"id":5749,"href":"https:\/\/arguis.monrepos.es\/fr\/wp-json\/wp\/v2\/pages\/5743\/revisions\/5749"}],"wp:attachment":[{"href":"https:\/\/arguis.monrepos.es\/fr\/wp-json\/wp\/v2\/media?parent=5743"}],"curies":[{"name":"wp","href":"https:\/\/api.w.org\/{rel}","templated":true}]}}